{"id":2,"date":"2012-01-07T11:40:56","date_gmt":"2012-01-07T11:40:56","guid":{"rendered":"http:\/\/sim-arandjelovac.com\/?page_id=2"},"modified":"2015-02-06T15:45:37","modified_gmt":"2015-02-06T15:45:37","slug":"sample-page","status":"publish","type":"page","link":"https:\/\/sim-arandjelovac.com\/","title":{"rendered":"PO\u010cETNA"},"content":{"rendered":"<p><iframe loading=\"lazy\" src=\"http:\/\/sim-arandjelovac.com\/sim\/demo1.html\" width=\"648\" height=\"350\" frameborder=\"0\" allowtransparency=\"true\" ><\/iframe><\/p>\n<p style=\"text-align: left;\"><span style=\"color: #000000;\"><strong>Nalazite se na strani sim-aradjelovac.com, kamenoreza\u010dke radnje \u00a0&#8222;S&amp;M&#8220;\u00a0. Na ovom sajtu mo\u017eete se bolje upoznati sa na\u0161im radovima, alatima, materijalima i uveriti se u kvalitet na\u0161ih proizvoda kao i u raznolikost asortimana koji nudi na\u0161a kamenoreza\u010dka radnja.<\/strong><\/span><\/p>\n<p style=\"text-align: left;\"><span style=\"color: #000000;\">Proizvodnja svih vrsta spomenika, grobnica,stepenica,ograda,stubova,vazni i ostalih predmeta od domacih i uvoznih mermera i granita.Umetnicka obrada i izrada prefinjenih oblika i duboreza u kamenu.<\/span><\/p>\n<style>\n.slika:hover{\nopacity:0.6;<\/p>\n<p>}<\/p>\n<\/style>\n<p><a  class=\"fancybox\"  data-fancybox-group=\"gallery\"   href=\"wp-content\/gallery\/pocetna\/3.jpg\" title=\"3\"><\/p>\n<p><img class=\"slika\" style=\"float:left; padding:0px; margin:7px; border:4px solid #FFF; box-shadow: 0px 0px 1px #000; -webkit-border-radius: 3px; -moz-border-radius: 3px; border-radius: 3px;\" src=\"wp-content\/gallery\/pocetna\/thumbs\/thumbs_3.jpg\" \/><\/a><\/p>\n<p><a  class=\"fancybox\"  data-fancybox-group=\"gallery\"   href=\"wp-content\/gallery\/pocetna\/4.jpg\" title=\"4\"><\/p>\n<p><img class=\"slika\" style=\"float:left; padding:0px; margin:7px; border:4px solid #FFF; box-shadow: 0px 0px 1px #000; -webkit-border-radius: 3px; -moz-border-radius: 3px; border-radius: 3px;\" src=\"wp-content\/gallery\/pocetna\/thumbs\/thumbs_4.jpg\" \/><\/a><\/p>\n<p><a  class=\"fancybox\"  data-fancybox-group=\"gallery\"   href=\"wp-content\/gallery\/pocetna\/5.jpg\" title=\"5\"><\/p>\n<p><img class=\"slika\" style=\"float:left; padding:0px; margin:7px; border:4px solid #FFF; box-shadow: 0px 0px 1px #000; -webkit-border-radius: 3px; -moz-border-radius: 3px; border-radius: 3px;\" src=\"wp-content\/gallery\/pocetna\/thumbs\/thumbs_5.jpg\" \/><\/a><\/p>\n<p><a  class=\"fancybox\"  data-fancybox-group=\"gallery\"   href=\"wp-content\/gallery\/pocetna\/6.jpg\" title=\"6\"><\/p>\n<p><img class=\"slika\" style=\"float:left; padding:0px; margin:7px; border:4px solid #FFF; box-shadow: 0px 0px 1px #000; -webkit-border-radius: 3px; -moz-border-radius: 3px; border-radius: 3px;\" src=\"wp-content\/gallery\/pocetna\/thumbs\/thumbs_6.jpg\" \/><\/a><\/p>\n<p><a  class=\"fancybox\"  data-fancybox-group=\"gallery\"   href=\"wp-content\/gallery\/pocetna\/7.jpg\" title=\"7\"><\/p>\n<p><img class=\"slika\" style=\"float:left; padding:0px; margin:7px; border:4px solid #FFF; box-shadow: 0px 0px 1px #000; -webkit-border-radius: 3px; -moz-border-radius: 3px; border-radius: 3px;\" src=\"wp-content\/gallery\/pocetna\/thumbs\/thumbs_7.jpg\" \/><\/a><\/p>\n<p><a  class=\"fancybox\"  data-fancybox-group=\"gallery\"   href=\"wp-content\/gallery\/pocetna\/8.jpg\" title=\"8\"><\/p>\n<p><img class=\"slika\" style=\"float:left; padding:0px; margin:7px; border:4px solid #FFF; box-shadow: 0px 0px 1px #000; -webkit-border-radius: 3px; -moz-border-radius: 3px; border-radius: 3px;\" src=\"wp-content\/gallery\/pocetna\/thumbs\/thumbs_8.jpg\" \/><\/a><\/p>\n<p><a  class=\"fancybox\"  data-fancybox-group=\"gallery\"   href=\"wp-content\/gallery\/pocetna\/9.jpg\" title=\"9\"><\/p>\n<p><img class=\"slika\" style=\"float:left; padding:0px; margin:7px; border:4px solid #FFF; box-shadow: 0px 0px 1px #000; -webkit-border-radius: 3px; -moz-border-radius: 3px; border-radius: 3px;\" src=\"wp-content\/gallery\/pocetna\/thumbs\/thumbs_9.jpg\" \/><\/a><\/p>\n<p><a  class=\"fancybox\"  data-fancybox-group=\"gallery\"   href=\"wp-content\/gallery\/pocetna\/10.jpg\" title=\"10\"><\/p>\n<p><img class=\"slika\" style=\"float:left; padding:0px; margin:7px; border:4px solid #FFF; box-shadow: 0px 0px 1px #000; -webkit-border-radius: 3px; -moz-border-radius: 3px; border-radius: 3px;\" src=\"wp-content\/gallery\/pocetna\/thumbs\/thumbs_10.jpg\" \/><\/a><\/p>\n<p><a  class=\"fancybox\"  data-fancybox-group=\"gallery\"   href=\"wp-content\/gallery\/pocetna\/033.jpg\" title=\"033\"><\/p>\n<p><img class=\"slika\" style=\"float:left; padding:0px; margin:7px; border:4px solid #FFF; box-shadow: 0px 0px 1px #000; -webkit-border-radius: 3px; -moz-border-radius: 3px; border-radius: 3px;\" src=\"wp-content\/gallery\/pocetna\/thumbs\/thumbs_033.jpg\" \/><\/a><\/p>\n<p><a  class=\"fancybox\"  data-fancybox-group=\"gallery\"   href=\"wp-content\/gallery\/pocetna\/081.jpg\" title=\"081\"><\/p>\n<p><img class=\"slika\" style=\"float:left; padding:0px; margin:7px; border:4px solid #FFF; box-shadow: 0px 0px 1px #000; -webkit-border-radius: 3px; -moz-border-radius: 3px; border-radius: 3px;\" src=\"wp-content\/gallery\/pocetna\/thumbs\/thumbs_081.jpg\" \/><\/a><\/p>\n<p><a  class=\"fancybox\"  data-fancybox-group=\"gallery\"   href=\"wp-content\/gallery\/pocetna\/083.jpg\" title=\"083\"><\/p>\n<p><img class=\"slika\" style=\"float:left; padding:0px; margin:7px; border:4px solid #FFF; box-shadow: 0px 0px 1px #000; -webkit-border-radius: 3px; -moz-border-radius: 3px; border-radius: 3px;\" src=\"wp-content\/gallery\/pocetna\/thumbs\/thumbs_083.jpg\" \/><\/a><\/p>\n<p><a  class=\"fancybox\"  data-fancybox-group=\"gallery\"   href=\"wp-content\/gallery\/pocetna\/084.jpg\" title=\"084\"><\/p>\n<p><img class=\"slika\" style=\"float:left; padding:0px; margin:7px; border:4px solid #FFF; box-shadow: 0px 0px 1px #000; -webkit-border-radius: 3px; -moz-border-radius: 3px; border-radius: 3px;\" src=\"wp-content\/gallery\/pocetna\/thumbs\/thumbs_084.jpg\" \/><\/a><\/p>\n<p><a  class=\"fancybox\"  data-fancybox-group=\"gallery\"   href=\"wp-content\/gallery\/pocetna\/094.jpg\" title=\"094\"><\/p>\n<p><img class=\"slika\" style=\"float:left; padding:0px; margin:7px; border:4px solid #FFF; box-shadow: 0px 0px 1px #000; -webkit-border-radius: 3px; -moz-border-radius: 3px; border-radius: 3px;\" src=\"wp-content\/gallery\/pocetna\/thumbs\/thumbs_094.jpg\" \/><\/a><\/p>\n<p><a  class=\"fancybox\"  data-fancybox-group=\"gallery\"   href=\"wp-content\/gallery\/pocetna\/095.jpg\" title=\"095\"><\/p>\n<p><img class=\"slika\" style=\"float:left; padding:0px; margin:7px; border:4px solid #FFF; box-shadow: 0px 0px 1px #000; -webkit-border-radius: 3px; -moz-border-radius: 3px; border-radius: 3px;\" src=\"wp-content\/gallery\/pocetna\/thumbs\/thumbs_095.jpg\" \/><\/a><\/p>\n<p><a  class=\"fancybox\"  data-fancybox-group=\"gallery\"   href=\"wp-content\/gallery\/pocetna\/096.jpg\" title=\"096\"><\/p>\n<p><img class=\"slika\" style=\"float:left; padding:0px; margin:7px; border:4px solid #FFF; box-shadow: 0px 0px 1px #000; -webkit-border-radius: 3px; -moz-border-radius: 3px; border-radius: 3px;\" src=\"wp-content\/gallery\/pocetna\/thumbs\/thumbs_096.jpg\" \/><\/a><\/p>\n<p><a  class=\"fancybox\"  data-fancybox-group=\"gallery\"   href=\"wp-content\/gallery\/pocetna\/097.jpg\" title=\"097\"><\/p>\n<p><img class=\"slika\" style=\"float:left; padding:0px; margin:7px; border:4px solid #FFF; box-shadow: 0px 0px 1px #000; -webkit-border-radius: 3px; -moz-border-radius: 3px; border-radius: 3px;\" src=\"wp-content\/gallery\/pocetna\/thumbs\/thumbs_097.jpg\" \/><\/a><\/p>\n<p><a  class=\"fancybox\"  data-fancybox-group=\"gallery\"   href=\"wp-content\/gallery\/pocetna\/098.jpg\" title=\"098\"><\/p>\n<p><img class=\"slika\" style=\"float:left; padding:0px; margin:7px; border:4px solid #FFF; box-shadow: 0px 0px 1px #000; -webkit-border-radius: 3px; -moz-border-radius: 3px; border-radius: 3px;\" src=\"wp-content\/gallery\/pocetna\/thumbs\/thumbs_098.jpg\" \/><\/a><\/p>\n<p><a  class=\"fancybox\"  data-fancybox-group=\"gallery\"   href=\"wp-content\/gallery\/pocetna\/099.jpg\" title=\"099\"><\/p>\n<p><img class=\"slika\" style=\"float:left; padding:0px; margin:7px; border:4px solid #FFF; box-shadow: 0px 0px 1px #000; -webkit-border-radius: 3px; -moz-border-radius: 3px; border-radius: 3px;\" src=\"wp-content\/gallery\/pocetna\/thumbs\/thumbs_099.jpg\" \/><\/a><\/p>\n<p><a  class=\"fancybox\"  data-fancybox-group=\"gallery\"   href=\"wp-content\/gallery\/pocetna\/100.jpg\" title=\"100\"><\/p>\n<p><img class=\"slika\" style=\"float:left; padding:0px; margin:7px; border:4px solid #FFF; box-shadow: 0px 0px 1px #000; -webkit-border-radius: 3px; -moz-border-radius: 3px; border-radius: 3px;\" src=\"wp-content\/gallery\/pocetna\/thumbs\/thumbs_100.jpg\" \/><\/a><\/p>\n<p><a  class=\"fancybox\"  data-fancybox-group=\"gallery\"   href=\"wp-content\/gallery\/pocetna\/101.jpg\" title=\"101\"><\/p>\n<p><img class=\"slika\" style=\"float:left; padding:0px; margin:7px; border:4px solid #FFF; box-shadow: 0px 0px 1px #000; -webkit-border-radius: 3px; -moz-border-radius: 3px; border-radius: 3px;\" src=\"wp-content\/gallery\/pocetna\/thumbs\/thumbs_101.jpg\" \/><\/a><\/p>\n<p><a  class=\"fancybox\"  data-fancybox-group=\"gallery\"   href=\"wp-content\/gallery\/pocetna\/104.jpg\" title=\"104\"><\/p>\n<p><img class=\"slika\" style=\"float:left; padding:0px; margin:7px; border:4px solid #FFF; box-shadow: 0px 0px 1px #000; -webkit-border-radius: 3px; -moz-border-radius: 3px; border-radius: 3px;\" src=\"wp-content\/gallery\/pocetna\/thumbs\/thumbs_104.jpg\" \/><\/a><\/p>\n<p><a  class=\"fancybox\"  data-fancybox-group=\"gallery\"   href=\"wp-content\/gallery\/pocetna\/105.jpg\" title=\"105\"><\/p>\n<p><img class=\"slika\" style=\"float:left; padding:0px; margin:7px; border:4px solid #FFF; box-shadow: 0px 0px 1px #000; -webkit-border-radius: 3px; -moz-border-radius: 3px; border-radius: 3px;\" src=\"wp-content\/gallery\/pocetna\/thumbs\/thumbs_105.jpg\" \/><\/a><\/p>\n<p><a  class=\"fancybox\"  data-fancybox-group=\"gallery\"   href=\"wp-content\/gallery\/pocetna\/106.jpg\" title=\"106\"><\/p>\n<p><img class=\"slika\" style=\"float:left; padding:0px; margin:7px; border:4px solid #FFF; box-shadow: 0px 0px 1px #000; -webkit-border-radius: 3px; -moz-border-radius: 3px; border-radius: 3px;\" src=\"wp-content\/gallery\/pocetna\/thumbs\/thumbs_106.jpg\" \/><\/a><\/p>\n<p><a  class=\"fancybox\"  data-fancybox-group=\"gallery\"   href=\"wp-content\/gallery\/pocetna\/107.jpg\" title=\"107\"><\/p>\n<p><img class=\"slika\" style=\"float:left; padding:0px; margin:7px; border:4px solid #FFF; box-shadow: 0px 0px 1px #000; -webkit-border-radius: 3px; -moz-border-radius: 3px; border-radius: 3px;\" src=\"wp-content\/gallery\/pocetna\/thumbs\/thumbs_107.jpg\" \/><\/a><\/p>\n<p><a  class=\"fancybox\"  data-fancybox-group=\"gallery\"   href=\"wp-content\/gallery\/pocetna\/108.jpg\" title=\"108\"><\/p>\n<p><img class=\"slika\" style=\"float:left; padding:0px; margin:7px; border:4px solid #FFF; box-shadow: 0px 0px 1px #000; -webkit-border-radius: 3px; -moz-border-radius: 3px; border-radius: 3px;\" src=\"wp-content\/gallery\/pocetna\/thumbs\/thumbs_108.jpg\" \/><\/a><\/p>\n<p><a  class=\"fancybox\"  data-fancybox-group=\"gallery\"   href=\"wp-content\/gallery\/pocetna\/109.jpg\" title=\"109\"><\/p>\n<p><img class=\"slika\" style=\"float:left; padding:0px; margin:7px; border:4px solid #FFF; box-shadow: 0px 0px 1px #000; -webkit-border-radius: 3px; -moz-border-radius: 3px; border-radius: 3px;\" src=\"wp-content\/gallery\/pocetna\/thumbs\/thumbs_109.jpg\" \/><\/a><\/p>\n<p><a  class=\"fancybox\"  data-fancybox-group=\"gallery\"   href=\"wp-content\/gallery\/pocetna\/110.jpg\" title=\"110\"><\/p>\n<p><img class=\"slika\" style=\"float:left; padding:0px; margin:7px; border:4px solid #FFF; box-shadow: 0px 0px 1px #000; -webkit-border-radius: 3px; -moz-border-radius: 3px; border-radius: 3px;\" src=\"wp-content\/gallery\/pocetna\/thumbs\/thumbs_110.jpg\" \/><\/a><\/p>\n<p><a  class=\"fancybox\"  data-fancybox-group=\"gallery\"   href=\"wp-content\/gallery\/pocetna\/142.jpg\" title=\"142\"><\/p>\n<p><img class=\"slika\" style=\"float:left; padding:0px; margin:7px; border:4px solid #FFF; box-shadow: 0px 0px 1px #000; -webkit-border-radius: 3px; -moz-border-radius: 3px; border-radius: 3px;\" src=\"wp-content\/gallery\/pocetna\/thumbs\/thumbs_142.jpg\" \/><\/a><\/p>\n<p><a  class=\"fancybox\"  data-fancybox-group=\"gallery\"   href=\"wp-content\/gallery\/pocetna\/img_0084.jpg\" title=\"img_0084\"><\/p>\n<p><img class=\"slika\" style=\"float:left; padding:0px; margin:7px; border:4px solid #FFF; box-shadow: 0px 0px 1px #000; -webkit-border-radius: 3px; -moz-border-radius: 3px; border-radius: 3px;\" src=\"wp-content\/gallery\/pocetna\/thumbs\/thumbs_img_0084.jpg\" \/><\/a><\/p>\n<p><a  class=\"fancybox\"  data-fancybox-group=\"gallery\"   href=\"wp-content\/gallery\/pocetna\/img_0085.jpg\" title=\"img_0085\"><\/p>\n<p><img class=\"slika\" style=\"float:left; padding:0px; margin:7px; border:4px solid #FFF; box-shadow: 0px 0px 1px #000; -webkit-border-radius: 3px; -moz-border-radius: 3px; border-radius: 3px;\" src=\"wp-content\/gallery\/pocetna\/thumbs\/thumbs_img_0085.jpg\" \/><\/a><\/p>\n<p><a  class=\"fancybox\"  data-fancybox-group=\"gallery\"   href=\"wp-content\/gallery\/pocetna\/img_0086.jpg\" title=\"img_0086\"><\/p>\n<p><img class=\"slika\" style=\"float:left; padding:0px; margin:7px; border:4px solid #FFF; box-shadow: 0px 0px 1px #000; -webkit-border-radius: 3px; -moz-border-radius: 3px; border-radius: 3px;\" src=\"wp-content\/gallery\/pocetna\/thumbs\/thumbs_img_0086.jpg\" \/><\/a><\/p>\n<p><a  class=\"fancybox\"  data-fancybox-group=\"gallery\"   href=\"wp-content\/gallery\/pocetna\/img_0087.jpg\" title=\"img_0087\"><\/p>\n<p><img class=\"slika\" style=\"float:left; padding:0px; margin:7px; border:4px solid #FFF; box-shadow: 0px 0px 1px #000; -webkit-border-radius: 3px; -moz-border-radius: 3px; border-radius: 3px;\" src=\"wp-content\/gallery\/pocetna\/thumbs\/thumbs_img_0087.jpg\" \/><\/a><\/p>\n<p><a  class=\"fancybox\"  data-fancybox-group=\"gallery\"   href=\"wp-content\/gallery\/pocetna\/img_0088.jpg\" title=\"img_0088\"><\/p>\n<p><img class=\"slika\" style=\"float:left; padding:0px; margin:7px; border:4px solid #FFF; box-shadow: 0px 0px 1px #000; -webkit-border-radius: 3px; -moz-border-radius: 3px; border-radius: 3px;\" src=\"wp-content\/gallery\/pocetna\/thumbs\/thumbs_img_0088.jpg\" \/><\/a><\/p>\n<p><a  class=\"fancybox\"  data-fancybox-group=\"gallery\"   href=\"wp-content\/gallery\/pocetna\/img_0090.jpg\" title=\"img_0090\"><\/p>\n<p><img class=\"slika\" style=\"float:left; padding:0px; margin:7px; border:4px solid #FFF; box-shadow: 0px 0px 1px #000; -webkit-border-radius: 3px; -moz-border-radius: 3px; border-radius: 3px;\" src=\"wp-content\/gallery\/pocetna\/thumbs\/thumbs_img_0090.jpg\" \/><\/a><\/p>\n<p><a  class=\"fancybox\"  data-fancybox-group=\"gallery\"   href=\"wp-content\/gallery\/pocetna\/img_0091.jpg\" title=\"img_0091\"><\/p>\n<p><img class=\"slika\" style=\"float:left; padding:0px; margin:7px; border:4px solid #FFF; box-shadow: 0px 0px 1px #000; -webkit-border-radius: 3px; -moz-border-radius: 3px; border-radius: 3px;\" src=\"wp-content\/gallery\/pocetna\/thumbs\/thumbs_img_0091.jpg\" \/><\/a><\/p>\n","protected":false},"excerpt":{"rendered":"<p>Nalazite se na strani sim-aradjelovac.com, kamenoreza\u010dke radnje \u00a0&#8222;S&amp;M&#8220;\u00a0. Na ovom sajtu mo\u017eete se bolje upoznati sa na\u0161im radovima, alatima, materijalima i uveriti se u kvalitet na\u0161ih proizvoda kao i u raznolikost asortimana koji nudi na\u0161a kamenoreza\u010dka radnja. Proizvodnja svih vrsta spomenika, grobnica,stepenica,ograda,stubova,vazni i ostalih predmeta od domacih i uvoznih mermera&#8230;<\/p>\n","protected":false},"author":1,"featured_media":0,"parent":0,"menu_order":0,"comment_status":"open","ping_status":"open","template":"","meta":{"_links_to":"","_links_to_target":""},"_links":{"self":[{"href":"https:\/\/sim-arandjelovac.com\/index.php?rest_route=\/wp\/v2\/pages\/2"}],"collection":[{"href":"https:\/\/sim-arandjelovac.com\/index.php?rest_route=\/wp\/v2\/pages"}],"about":[{"href":"https:\/\/sim-arandjelovac.com\/index.php?rest_route=\/wp\/v2\/types\/page"}],"author":[{"embeddable":true,"href":"https:\/\/sim-arandjelovac.com\/index.php?rest_route=\/wp\/v2\/users\/1"}],"replies":[{"embeddable":true,"href":"https:\/\/sim-arandjelovac.com\/index.php?rest_route=%2Fwp%2Fv2%2Fcomments&post=2"}],"version-history":[{"count":47,"href":"https:\/\/sim-arandjelovac.com\/index.php?rest_route=\/wp\/v2\/pages\/2\/revisions"}],"predecessor-version":[{"id":634,"href":"https:\/\/sim-arandjelovac.com\/index.php?rest_route=\/wp\/v2\/pages\/2\/revisions\/634"}],"wp:attachment":[{"href":"https:\/\/sim-arandjelovac.com\/index.php?rest_route=%2Fwp%2Fv2%2Fmedia&parent=2"}],"curies":[{"name":"wp","href":"https:\/\/api.w.org\/{rel}","templated":true}]}}